{"id":2669,"date":"2025-07-23T11:12:18","date_gmt":"2025-07-23T09:12:18","guid":{"rendered":"https:\/\/chataslapy.cz\/de\/?page_id=2669"},"modified":"2025-07-28T13:40:32","modified_gmt":"2025-07-28T11:40:32","slug":"ferienhaus-4","status":"publish","type":"page","link":"https:\/\/chataslapy.cz\/de\/ferienhaus-4\/","title":{"rendered":"FERIENHAUS 4"},"content":{"rendered":"\t\t<div data-elementor-type=\"wp-page\" data-elementor-id=\"2669\" class=\"elementor elementor-2669\">\n\t\t\t\t<div class=\"elementor-element elementor-element-ffe036d e-flex e-con-boxed e-con e-parent\" data-id=\"ffe036d\" data-element_type=\"container\">\n\t\t\t\t\t<div class=\"e-con-inner\">\n\t\t\t\t<div class=\"elementor-element elementor-element-39069d6 elementor-widget elementor-widget-heading\" data-id=\"39069d6\" data-element_type=\"widget\" data-widget_type=\"heading.default\">\n\t\t\t\t\t<h2 class=\"elementor-heading-title elementor-size-default\">FERIENHAUS 4<\/h2>\t\t\t\t<\/div>\n\t\t\t\t\t<\/div>\n\t\t\t\t<\/div>\n\t\t<div class=\"elementor-element elementor-element-799045c e-flex e-con-boxed e-con e-parent\" data-id=\"799045c\" data-element_type=\"container\">\n\t\t\t\t\t<div class=\"e-con-inner\">\n\t\t\t\t<div class=\"elementor-element elementor-element-35d9b18 elementor-widget elementor-widget-text-editor\" data-id=\"35d9b18\" data-element_type=\"widget\" data-widget_type=\"text-editor.default\">\n\t\t\t\t\t\t\t\t\t<h4 class=\"vc_custom_heading vc_custom_1452207350788\">ZU VERMIETEN:<\/h4><div class=\"wpb_text_column wpb_content_element \"><div class=\"wpb_wrapper\"><h4 class=\"vc_custom_heading vc_custom_1452207350788\">Das neu gebaute und komplett eingerichtete Ferienhaus bietet Platz f\u00fcr 10 Personen<\/h4><h4 class=\"vc_custom_heading vc_custom_1452207350788\">Es hat eine Wohnfl\u00e4che von \u00fcber 100 qm und befindet sich in der ruhigen Siedlung Skalice in der N\u00e4he von der Ortschaft Slapy und des Staudammes Slapy, und weniger als 35 km von PRAG entfernt.<\/h4><div class=\"wpb_text_column wpb_content_element \"><div class=\"wpb_wrapper\"><p>\u00a0<\/p><\/div><\/div><\/div><\/div><h4 class=\"vc_custom_heading vc_custom_1452207434021\">Die Zimmereinteilung ist folgende:<\/h4><div class=\"wpb_text_column wpb_content_element \"><div class=\"wpb_wrapper\"><h4 class=\"vc_custom_heading vc_custom_1452207350788\">\u2013 5 separate Schlafzimmer mit je einem Doppelbett, eine Terasse und ein gro\u00dfer Esstisch,<br \/>\u2013 1 Wohnzimmer, mit einem gem\u00fctlichen Kamin und einem Sofa. Hier sind auch vorhanden: Satelliten- TV,<br \/>\u2013 1 K\u00fcche mit einem gro\u00dfen K\u00fchlschrank, Geschirrsp\u00fcler, Backofen, Kafeemaschine, Mikrowelle, Toaster und Wasserkocher<br \/>\u2013 1 Badezimmer mit einer Dusche sowie,<br \/>\u2013 1 separate Toilette.<\/h4><div class=\"wpb_text_column wpb_content_element \"><div class=\"wpb_wrapper\"><p>Im Freien l\u00e4dt ein Garten mit einer Terrasse zum Grillen ein. Eine separate Feuerstelle mit Sitzb\u00e4nken ist auch vorhanden.<\/p><p>Zum Ferienhaus geh\u00f6ren auch:<br \/>\u2013 1 abschlie\u00dfbarer Keller, in dem Fahrr\u00e4der oder Angelausr\u00fcstungen gelagert werden k\u00f6nnen.<\/p><p>Direkt am Haus \u2013 dazugeh\u00f6rend \u2013 befindet sich ein Parkplatz f\u00fcr 3 Autos.<\/p><\/div><\/div><div class=\"wpb_text_column wpb_content_element \"><div class=\"wpb_wrapper\"><p>\u00a0<\/p><\/div><\/div><\/div><\/div><h4 class=\"vc_custom_heading vc_custom_1452207483507\">Aktivit\u00e4ten:<\/h4><div class=\"wpb_text_column wpb_content_element \"><div class=\"wpb_wrapper\"><h4 class=\"vc_custom_heading vc_custom_1452207350788\">Das Ferienhaus befindet sich 500 m vom Privatstrand entfernt. Dort befindet sich ein privater<br \/>Anlegesteg. Zum Privatstrand haben nur die Bewohner dieser Siedlung Zugang.<br \/>Der Ort ist nicht nur zum Baden, sondern auch zum Fischen geeignet.<br \/>Sie k\u00f6nnen auch ein Ruderboot, Motorboot vom Eigent\u00fcmer des Ferienhauses mieten. Ca. 1.000 m entfernt vom Ferienhaus ist Camp Skalice mit einer Bootsvermietung wo Sie Tretboote, Kanus und Motorboote mieten k\u00f6nnen.<\/h4><div class=\"wpb_text_column wpb_content_element \"><div class=\"wpb_wrapper\"><p>Aus dem Camp f\u00e4hrt t\u00e4glich ein Dampfer, von dem aus Sie die wunderbare Aussichten auf die Sch\u00f6nheiten des Sees von Slapy genie\u00dfen k\u00f6nnen. Der Dampfer f\u00e4hrt Sie auch zu den umliegenden Campingpl\u00e4tzen und Str\u00e4nden, wo Sie den Wasserpark mit Wasserrutsche, einen Seilpark, ein Hallenbad und vieles mehr besuchen k\u00f6nnen.<br \/>Camp Skalice bietet jeweils auch ein Abend-Unterhaltungsprogramm an.<\/p><p>Neben der Siedlung Skalice befindet sich der Golfplatz von Slapy St. Jan, welcher als einer der beliebtesten in der Tschechischen Republik eingestuft wird.<\/p><p>Der Staudamm von Slapy bietet ein wunderbares Panorama an. Die Gegend eignet sich auch wunderbar zum Wandern oder Radfahren. Und auf die Pilz-Sammler warten die einladenden, wunderbaren W\u00e4lder der Umgebung.<\/p><\/div><\/div><h4 class=\"vc_custom_heading vc_custom_1452207521178\">Weitere Angebote in der n\u00e4heren Umgebung:<\/h4><div class=\"wpb_text_column wpb_content_element \"><div class=\"wpb_wrapper\"><p>Die n\u00e4chstgelegenen Shops, Restaurants und Imbissst\u00e4nde im Camp Skalice sind ca. 1000 m vom Ferienhaus entfernt.<br \/>Es gibt in der N\u00e4he auch einen kleinen Supermarkt und mehrere Restaurants. Diese liegen ca. 2 km entfernt in der Ortschaft Bu\u0161.<\/p><p>In der 2 km entfernten Ortschaft Slapy befinden sich 3 Gesch\u00e4fte, 3 Restaurants, ein Postamt und ein Arzt.<\/p><\/div><\/div><\/div><\/div><h4 class=\"vc_custom_heading vc_custom_1452207521178\">Weitere Angebote in der n\u00e4heren Umgebung:<\/h4><div class=\"wpb_text_column wpb_content_element \"><div class=\"wpb_wrapper\">\u00a0<\/div><\/div>\t\t\t\t\t\t\t\t<\/div>\n\t\t\t\t<div class=\"elementor-element elementor-element-da72075 elementor-widget elementor-widget-image-gallery\" data-id=\"da72075\" data-element_type=\"widget\" data-widget_type=\"image-gallery.default\">\n\t\t\t\t\t\t\t<div class=\"elementor-image-gallery\">\n\t\t\t<div id='gallery-1' class='gallery galleryid-2669 gallery-columns-4 gallery-size-thumbnail'><figure class='gallery-item'>\n\t\t\t<div class='gallery-icon landscape'>\n\t\t\t\t<a data-elementor-open-lightbox=\"yes\" data-elementor-lightbox-slideshow=\"da72075\" data-elementor-lightbox-title=\"8118fc1d-02e4-4eeb-83ea-9c44e14c8b2c\" data-e-action-hash=\"#elementor-action%3Aaction%3Dlightbox%26settings%3DeyJpZCI6MjU1MywidXJsIjoiaHR0cHM6XC9cL2NoYXRhc2xhcHkuY3pcL2RlXC93cC1jb250ZW50XC91cGxvYWRzXC8yMDI1XC8wN1wvODExOGZjMWQtMDJlNC00ZWViLTgzZWEtOWM0NGUxNGM4YjJjLmpwZyIsInNsaWRlc2hvdyI6ImRhNzIwNzUifQ%3D%3D\" href='https:\/\/chataslapy.cz\/de\/wp-content\/uploads\/2025\/07\/8118fc1d-02e4-4eeb-83ea-9c44e14c8b2c.jpg'><img decoding=\"async\" width=\"150\" height=\"150\" src=\"https:\/\/chataslapy.cz\/de\/wp-content\/uploads\/2025\/07\/8118fc1d-02e4-4eeb-83ea-9c44e14c8b2c-150x150.jpg\" class=\"attachment-thumbnail size-thumbnail\" alt=\"\" srcset=\"https:\/\/chataslapy.cz\/de\/wp-content\/uploads\/2025\/07\/8118fc1d-02e4-4eeb-83ea-9c44e14c8b2c-150x150.jpg 150w, https:\/\/chataslapy.cz\/de\/wp-content\/uploads\/2025\/07\/8118fc1d-02e4-4eeb-83ea-9c44e14c8b2c-570x570.jpg 570w, https:\/\/chataslapy.cz\/de\/wp-content\/uploads\/2025\/07\/8118fc1d-02e4-4eeb-83ea-9c44e14c8b2c-285x285.jpg 285w, https:\/\/chataslapy.cz\/de\/wp-content\/uploads\/2025\/07\/8118fc1d-02e4-4eeb-83ea-9c44e14c8b2c-250x250.jpg 250w, https:\/\/chataslapy.cz\/de\/wp-content\/uploads\/2025\/07\/8118fc1d-02e4-4eeb-83ea-9c44e14c8b2c-360x360.jpg 360w\" sizes=\"(max-width: 150px) 100vw, 150px\" \/><\/a>\n\t\t\t<\/div><\/figure><figure class='gallery-item'>\n\t\t\t<div class='gallery-icon landscape'>\n\t\t\t\t<a data-elementor-open-lightbox=\"yes\" data-elementor-lightbox-slideshow=\"da72075\" data-elementor-lightbox-title=\"Bedroom-15\" data-e-action-hash=\"#elementor-action%3Aaction%3Dlightbox%26settings%3DeyJpZCI6MjU1NywidXJsIjoiaHR0cHM6XC9cL2NoYXRhc2xhcHkuY3pcL2RlXC93cC1jb250ZW50XC91cGxvYWRzXC8yMDI1XC8wN1wvQmVkcm9vbS0xNS1zY2FsZWQuanBlZyIsInNsaWRlc2hvdyI6ImRhNzIwNzUifQ%3D%3D\" href='https:\/\/chataslapy.cz\/de\/wp-content\/uploads\/2025\/07\/Bedroom-15-scaled.jpeg'><img decoding=\"async\" width=\"150\" height=\"150\" src=\"https:\/\/chataslapy.cz\/de\/wp-content\/uploads\/2025\/07\/Bedroom-15-150x150.jpeg\" class=\"attachment-thumbnail size-thumbnail\" alt=\"\" srcset=\"https:\/\/chataslapy.cz\/de\/wp-content\/uploads\/2025\/07\/Bedroom-15-150x150.jpeg 150w, https:\/\/chataslapy.cz\/de\/wp-content\/uploads\/2025\/07\/Bedroom-15-570x570.jpeg 570w, https:\/\/chataslapy.cz\/de\/wp-content\/uploads\/2025\/07\/Bedroom-15-285x285.jpeg 285w, https:\/\/chataslapy.cz\/de\/wp-content\/uploads\/2025\/07\/Bedroom-15-250x250.jpeg 250w, https:\/\/chataslapy.cz\/de\/wp-content\/uploads\/2025\/07\/Bedroom-15-360x360.jpeg 360w\" sizes=\"(max-width: 150px) 100vw, 150px\" \/><\/a>\n\t\t\t<\/div><\/figure><figure class='gallery-item'>\n\t\t\t<div class='gallery-icon landscape'>\n\t\t\t\t<a data-elementor-open-lightbox=\"yes\" data-elementor-lightbox-slideshow=\"da72075\" data-elementor-lightbox-title=\"Bedroom-45\" data-e-action-hash=\"#elementor-action%3Aaction%3Dlightbox%26settings%3DeyJpZCI6MjU1OCwidXJsIjoiaHR0cHM6XC9cL2NoYXRhc2xhcHkuY3pcL2RlXC93cC1jb250ZW50XC91cGxvYWRzXC8yMDI1XC8wN1wvQmVkcm9vbS00NS1zY2FsZWQuanBlZyIsInNsaWRlc2hvdyI6ImRhNzIwNzUifQ%3D%3D\" href='https:\/\/chataslapy.cz\/de\/wp-content\/uploads\/2025\/07\/Bedroom-45-scaled.jpeg'><img decoding=\"async\" width=\"150\" height=\"150\" src=\"https:\/\/chataslapy.cz\/de\/wp-content\/uploads\/2025\/07\/Bedroom-45-150x150.jpeg\" class=\"attachment-thumbnail size-thumbnail\" alt=\"\" srcset=\"https:\/\/chataslapy.cz\/de\/wp-content\/uploads\/2025\/07\/Bedroom-45-150x150.jpeg 150w, https:\/\/chataslapy.cz\/de\/wp-content\/uploads\/2025\/07\/Bedroom-45-570x570.jpeg 570w, https:\/\/chataslapy.cz\/de\/wp-content\/uploads\/2025\/07\/Bedroom-45-285x285.jpeg 285w, https:\/\/chataslapy.cz\/de\/wp-content\/uploads\/2025\/07\/Bedroom-45-250x250.jpeg 250w, https:\/\/chataslapy.cz\/de\/wp-content\/uploads\/2025\/07\/Bedroom-45-360x360.jpeg 360w\" sizes=\"(max-width: 150px) 100vw, 150px\" \/><\/a>\n\t\t\t<\/div><\/figure><figure class='gallery-item'>\n\t\t\t<div class='gallery-icon landscape'>\n\t\t\t\t<a data-elementor-open-lightbox=\"yes\" data-elementor-lightbox-slideshow=\"da72075\" data-elementor-lightbox-title=\"f87d54ea-342d-4cb4-9eba-4fdf93b985d7\" data-e-action-hash=\"#elementor-action%3Aaction%3Dlightbox%26settings%3DeyJpZCI6MjU1OSwidXJsIjoiaHR0cHM6XC9cL2NoYXRhc2xhcHkuY3pcL2RlXC93cC1jb250ZW50XC91cGxvYWRzXC8yMDI1XC8wN1wvZjg3ZDU0ZWEtMzQyZC00Y2I0LTllYmEtNGZkZjkzYjk4NWQ3LTEuanBnIiwic2xpZGVzaG93IjoiZGE3MjA3NSJ9\" href='https:\/\/chataslapy.cz\/de\/wp-content\/uploads\/2025\/07\/f87d54ea-342d-4cb4-9eba-4fdf93b985d7-1.jpg'><img loading=\"lazy\" decoding=\"async\" width=\"150\" height=\"150\" src=\"https:\/\/chataslapy.cz\/de\/wp-content\/uploads\/2025\/07\/f87d54ea-342d-4cb4-9eba-4fdf93b985d7-1-150x150.jpg\" class=\"attachment-thumbnail size-thumbnail\" alt=\"\" srcset=\"https:\/\/chataslapy.cz\/de\/wp-content\/uploads\/2025\/07\/f87d54ea-342d-4cb4-9eba-4fdf93b985d7-1-150x150.jpg 150w, https:\/\/chataslapy.cz\/de\/wp-content\/uploads\/2025\/07\/f87d54ea-342d-4cb4-9eba-4fdf93b985d7-1-570x570.jpg 570w, https:\/\/chataslapy.cz\/de\/wp-content\/uploads\/2025\/07\/f87d54ea-342d-4cb4-9eba-4fdf93b985d7-1-285x285.jpg 285w, https:\/\/chataslapy.cz\/de\/wp-content\/uploads\/2025\/07\/f87d54ea-342d-4cb4-9eba-4fdf93b985d7-1-250x250.jpg 250w, https:\/\/chataslapy.cz\/de\/wp-content\/uploads\/2025\/07\/f87d54ea-342d-4cb4-9eba-4fdf93b985d7-1-360x360.jpg 360w\" sizes=\"(max-width: 150px) 100vw, 150px\" \/><\/a>\n\t\t\t<\/div><\/figure><figure class='gallery-item'>\n\t\t\t<div class='gallery-icon portrait'>\n\t\t\t\t<a data-elementor-open-lightbox=\"yes\" data-elementor-lightbox-slideshow=\"da72075\" data-elementor-lightbox-title=\"tempImage2auyQO\" data-e-action-hash=\"#elementor-action%3Aaction%3Dlightbox%26settings%3DeyJpZCI6MjU2MCwidXJsIjoiaHR0cHM6XC9cL2NoYXRhc2xhcHkuY3pcL2RlXC93cC1jb250ZW50XC91cGxvYWRzXC8yMDI1XC8wN1wvdGVtcEltYWdlMmF1eVFPLXNjYWxlZC5qcGciLCJzbGlkZXNob3ciOiJkYTcyMDc1In0%3D\" href='https:\/\/chataslapy.cz\/de\/wp-content\/uploads\/2025\/07\/tempImage2auyQO-scaled.jpg'><img loading=\"lazy\" decoding=\"async\" width=\"150\" height=\"150\" src=\"https:\/\/chataslapy.cz\/de\/wp-content\/uploads\/2025\/07\/tempImage2auyQO-150x150.jpg\" class=\"attachment-thumbnail size-thumbnail\" alt=\"\" srcset=\"https:\/\/chataslapy.cz\/de\/wp-content\/uploads\/2025\/07\/tempImage2auyQO-150x150.jpg 150w, https:\/\/chataslapy.cz\/de\/wp-content\/uploads\/2025\/07\/tempImage2auyQO-570x570.jpg 570w, https:\/\/chataslapy.cz\/de\/wp-content\/uploads\/2025\/07\/tempImage2auyQO-285x285.jpg 285w, https:\/\/chataslapy.cz\/de\/wp-content\/uploads\/2025\/07\/tempImage2auyQO-250x250.jpg 250w, https:\/\/chataslapy.cz\/de\/wp-content\/uploads\/2025\/07\/tempImage2auyQO-360x360.jpg 360w\" sizes=\"(max-width: 150px) 100vw, 150px\" \/><\/a>\n\t\t\t<\/div><\/figure><figure class='gallery-item'>\n\t\t\t<div class='gallery-icon landscape'>\n\t\t\t\t<a data-elementor-open-lightbox=\"yes\" data-elementor-lightbox-slideshow=\"da72075\" data-elementor-lightbox-title=\"tempImage2B62V1\" data-e-action-hash=\"#elementor-action%3Aaction%3Dlightbox%26settings%3DeyJpZCI6MjU2MiwidXJsIjoiaHR0cHM6XC9cL2NoYXRhc2xhcHkuY3pcL2RlXC93cC1jb250ZW50XC91cGxvYWRzXC8yMDI1XC8wN1wvdGVtcEltYWdlMkI2MlYxLXNjYWxlZC5qcGciLCJzbGlkZXNob3ciOiJkYTcyMDc1In0%3D\" href='https:\/\/chataslapy.cz\/de\/wp-content\/uploads\/2025\/07\/tempImage2B62V1-scaled.jpg'><img loading=\"lazy\" decoding=\"async\" width=\"150\" height=\"150\" src=\"https:\/\/chataslapy.cz\/de\/wp-content\/uploads\/2025\/07\/tempImage2B62V1-150x150.jpg\" class=\"attachment-thumbnail size-thumbnail\" alt=\"\" srcset=\"https:\/\/chataslapy.cz\/de\/wp-content\/uploads\/2025\/07\/tempImage2B62V1-150x150.jpg 150w, https:\/\/chataslapy.cz\/de\/wp-content\/uploads\/2025\/07\/tempImage2B62V1-570x570.jpg 570w, https:\/\/chataslapy.cz\/de\/wp-content\/uploads\/2025\/07\/tempImage2B62V1-285x285.jpg 285w, https:\/\/chataslapy.cz\/de\/wp-content\/uploads\/2025\/07\/tempImage2B62V1-250x250.jpg 250w, https:\/\/chataslapy.cz\/de\/wp-content\/uploads\/2025\/07\/tempImage2B62V1-360x360.jpg 360w\" sizes=\"(max-width: 150px) 100vw, 150px\" \/><\/a>\n\t\t\t<\/div><\/figure><figure class='gallery-item'>\n\t\t\t<div class='gallery-icon portrait'>\n\t\t\t\t<a data-elementor-open-lightbox=\"yes\" data-elementor-lightbox-slideshow=\"da72075\" data-elementor-lightbox-title=\"tempImagea80Tyj\" data-e-action-hash=\"#elementor-action%3Aaction%3Dlightbox%26settings%3DeyJpZCI6MjU2MywidXJsIjoiaHR0cHM6XC9cL2NoYXRhc2xhcHkuY3pcL2RlXC93cC1jb250ZW50XC91cGxvYWRzXC8yMDI1XC8wN1wvdGVtcEltYWdlYTgwVHlqLXNjYWxlZC5qcGciLCJzbGlkZXNob3ciOiJkYTcyMDc1In0%3D\" href='https:\/\/chataslapy.cz\/de\/wp-content\/uploads\/2025\/07\/tempImagea80Tyj-scaled.jpg'><img loading=\"lazy\" decoding=\"async\" width=\"150\" height=\"150\" src=\"https:\/\/chataslapy.cz\/de\/wp-content\/uploads\/2025\/07\/tempImagea80Tyj-150x150.jpg\" class=\"attachment-thumbnail size-thumbnail\" alt=\"\" srcset=\"https:\/\/chataslapy.cz\/de\/wp-content\/uploads\/2025\/07\/tempImagea80Tyj-150x150.jpg 150w, https:\/\/chataslapy.cz\/de\/wp-content\/uploads\/2025\/07\/tempImagea80Tyj-570x570.jpg 570w, https:\/\/chataslapy.cz\/de\/wp-content\/uploads\/2025\/07\/tempImagea80Tyj-285x285.jpg 285w, https:\/\/chataslapy.cz\/de\/wp-content\/uploads\/2025\/07\/tempImagea80Tyj-250x250.jpg 250w, https:\/\/chataslapy.cz\/de\/wp-content\/uploads\/2025\/07\/tempImagea80Tyj-360x360.jpg 360w\" sizes=\"(max-width: 150px) 100vw, 150px\" \/><\/a>\n\t\t\t<\/div><\/figure><figure class='gallery-item'>\n\t\t\t<div class='gallery-icon landscape'>\n\t\t\t\t<a data-elementor-open-lightbox=\"yes\" data-elementor-lightbox-slideshow=\"da72075\" data-elementor-lightbox-title=\"tempImagedVbghD\" data-e-action-hash=\"#elementor-action%3Aaction%3Dlightbox%26settings%3DeyJpZCI6MjU2NCwidXJsIjoiaHR0cHM6XC9cL2NoYXRhc2xhcHkuY3pcL2RlXC93cC1jb250ZW50XC91cGxvYWRzXC8yMDI1XC8wN1wvdGVtcEltYWdlZFZiZ2hELXNjYWxlZC5qcGciLCJzbGlkZXNob3ciOiJkYTcyMDc1In0%3D\" href='https:\/\/chataslapy.cz\/de\/wp-content\/uploads\/2025\/07\/tempImagedVbghD-scaled.jpg'><img loading=\"lazy\" decoding=\"async\" width=\"150\" height=\"150\" src=\"https:\/\/chataslapy.cz\/de\/wp-content\/uploads\/2025\/07\/tempImagedVbghD-150x150.jpg\" class=\"attachment-thumbnail size-thumbnail\" alt=\"\" srcset=\"https:\/\/chataslapy.cz\/de\/wp-content\/uploads\/2025\/07\/tempImagedVbghD-150x150.jpg 150w, https:\/\/chataslapy.cz\/de\/wp-content\/uploads\/2025\/07\/tempImagedVbghD-570x570.jpg 570w, https:\/\/chataslapy.cz\/de\/wp-content\/uploads\/2025\/07\/tempImagedVbghD-285x285.jpg 285w, https:\/\/chataslapy.cz\/de\/wp-content\/uploads\/2025\/07\/tempImagedVbghD-250x250.jpg 250w, https:\/\/chataslapy.cz\/de\/wp-content\/uploads\/2025\/07\/tempImagedVbghD-360x360.jpg 360w\" sizes=\"(max-width: 150px) 100vw, 150px\" \/><\/a>\n\t\t\t<\/div><\/figure><figure class='gallery-item'>\n\t\t\t<div class='gallery-icon landscape'>\n\t\t\t\t<a data-elementor-open-lightbox=\"yes\" data-elementor-lightbox-slideshow=\"da72075\" data-elementor-lightbox-title=\"tempImagekTEWTT\" data-e-action-hash=\"#elementor-action%3Aaction%3Dlightbox%26settings%3DeyJpZCI6MjU2NSwidXJsIjoiaHR0cHM6XC9cL2NoYXRhc2xhcHkuY3pcL2RlXC93cC1jb250ZW50XC91cGxvYWRzXC8yMDI1XC8wN1wvdGVtcEltYWdla1RFV1RULXNjYWxlZC5qcGciLCJzbGlkZXNob3ciOiJkYTcyMDc1In0%3D\" href='https:\/\/chataslapy.cz\/de\/wp-content\/uploads\/2025\/07\/tempImagekTEWTT-scaled.jpg'><img loading=\"lazy\" decoding=\"async\" width=\"150\" height=\"150\" src=\"https:\/\/chataslapy.cz\/de\/wp-content\/uploads\/2025\/07\/tempImagekTEWTT-150x150.jpg\" class=\"attachment-thumbnail size-thumbnail\" alt=\"\" srcset=\"https:\/\/chataslapy.cz\/de\/wp-content\/uploads\/2025\/07\/tempImagekTEWTT-150x150.jpg 150w, https:\/\/chataslapy.cz\/de\/wp-content\/uploads\/2025\/07\/tempImagekTEWTT-570x570.jpg 570w, https:\/\/chataslapy.cz\/de\/wp-content\/uploads\/2025\/07\/tempImagekTEWTT-285x285.jpg 285w, https:\/\/chataslapy.cz\/de\/wp-content\/uploads\/2025\/07\/tempImagekTEWTT-250x250.jpg 250w, https:\/\/chataslapy.cz\/de\/wp-content\/uploads\/2025\/07\/tempImagekTEWTT-360x360.jpg 360w\" sizes=\"(max-width: 150px) 100vw, 150px\" \/><\/a>\n\t\t\t<\/div><\/figure><figure class='gallery-item'>\n\t\t\t<div class='gallery-icon landscape'>\n\t\t\t\t<a data-elementor-open-lightbox=\"yes\" data-elementor-lightbox-slideshow=\"da72075\" data-elementor-lightbox-title=\"tempImageKW6y1f\" data-e-action-hash=\"#elementor-action%3Aaction%3Dlightbox%26settings%3DeyJpZCI6MjU2NiwidXJsIjoiaHR0cHM6XC9cL2NoYXRhc2xhcHkuY3pcL2RlXC93cC1jb250ZW50XC91cGxvYWRzXC8yMDI1XC8wN1wvdGVtcEltYWdlS1c2eTFmLXNjYWxlZC5qcGciLCJzbGlkZXNob3ciOiJkYTcyMDc1In0%3D\" href='https:\/\/chataslapy.cz\/de\/wp-content\/uploads\/2025\/07\/tempImageKW6y1f-scaled.jpg'><img loading=\"lazy\" decoding=\"async\" width=\"150\" height=\"150\" src=\"https:\/\/chataslapy.cz\/de\/wp-content\/uploads\/2025\/07\/tempImageKW6y1f-150x150.jpg\" class=\"attachment-thumbnail size-thumbnail\" alt=\"\" srcset=\"https:\/\/chataslapy.cz\/de\/wp-content\/uploads\/2025\/07\/tempImageKW6y1f-150x150.jpg 150w, https:\/\/chataslapy.cz\/de\/wp-content\/uploads\/2025\/07\/tempImageKW6y1f-570x570.jpg 570w, https:\/\/chataslapy.cz\/de\/wp-content\/uploads\/2025\/07\/tempImageKW6y1f-285x285.jpg 285w, https:\/\/chataslapy.cz\/de\/wp-content\/uploads\/2025\/07\/tempImageKW6y1f-250x250.jpg 250w, https:\/\/chataslapy.cz\/de\/wp-content\/uploads\/2025\/07\/tempImageKW6y1f-360x360.jpg 360w\" sizes=\"(max-width: 150px) 100vw, 150px\" \/><\/a>\n\t\t\t<\/div><\/figure><figure class='gallery-item'>\n\t\t\t<div class='gallery-icon portrait'>\n\t\t\t\t<a data-elementor-open-lightbox=\"yes\" data-elementor-lightbox-slideshow=\"da72075\" data-elementor-lightbox-title=\"tempImagetB3jXS\" data-e-action-hash=\"#elementor-action%3Aaction%3Dlightbox%26settings%3DeyJpZCI6MjU2NywidXJsIjoiaHR0cHM6XC9cL2NoYXRhc2xhcHkuY3pcL2RlXC93cC1jb250ZW50XC91cGxvYWRzXC8yMDI1XC8wN1wvdGVtcEltYWdldEIzalhTLXNjYWxlZC5qcGciLCJzbGlkZXNob3ciOiJkYTcyMDc1In0%3D\" href='https:\/\/chataslapy.cz\/de\/wp-content\/uploads\/2025\/07\/tempImagetB3jXS-scaled.jpg'><img loading=\"lazy\" decoding=\"async\" width=\"150\" height=\"150\" src=\"https:\/\/chataslapy.cz\/de\/wp-content\/uploads\/2025\/07\/tempImagetB3jXS-150x150.jpg\" class=\"attachment-thumbnail size-thumbnail\" alt=\"\" srcset=\"https:\/\/chataslapy.cz\/de\/wp-content\/uploads\/2025\/07\/tempImagetB3jXS-150x150.jpg 150w, https:\/\/chataslapy.cz\/de\/wp-content\/uploads\/2025\/07\/tempImagetB3jXS-570x570.jpg 570w, https:\/\/chataslapy.cz\/de\/wp-content\/uploads\/2025\/07\/tempImagetB3jXS-285x285.jpg 285w, https:\/\/chataslapy.cz\/de\/wp-content\/uploads\/2025\/07\/tempImagetB3jXS-250x250.jpg 250w, https:\/\/chataslapy.cz\/de\/wp-content\/uploads\/2025\/07\/tempImagetB3jXS-360x360.jpg 360w\" sizes=\"(max-width: 150px) 100vw, 150px\" \/><\/a>\n\t\t\t<\/div><\/figure><figure class='gallery-item'>\n\t\t\t<div class='gallery-icon portrait'>\n\t\t\t\t<a data-elementor-open-lightbox=\"yes\" data-elementor-lightbox-slideshow=\"da72075\" data-elementor-lightbox-title=\"tempImagevQQaSW\" data-e-action-hash=\"#elementor-action%3Aaction%3Dlightbox%26settings%3DeyJpZCI6MjU2OCwidXJsIjoiaHR0cHM6XC9cL2NoYXRhc2xhcHkuY3pcL2RlXC93cC1jb250ZW50XC91cGxvYWRzXC8yMDI1XC8wN1wvdGVtcEltYWdldlFRYVNXLXNjYWxlZC5qcGciLCJzbGlkZXNob3ciOiJkYTcyMDc1In0%3D\" href='https:\/\/chataslapy.cz\/de\/wp-content\/uploads\/2025\/07\/tempImagevQQaSW-scaled.jpg'><img loading=\"lazy\" decoding=\"async\" width=\"150\" height=\"150\" src=\"https:\/\/chataslapy.cz\/de\/wp-content\/uploads\/2025\/07\/tempImagevQQaSW-150x150.jpg\" class=\"attachment-thumbnail size-thumbnail\" alt=\"\" srcset=\"https:\/\/chataslapy.cz\/de\/wp-content\/uploads\/2025\/07\/tempImagevQQaSW-150x150.jpg 150w, https:\/\/chataslapy.cz\/de\/wp-content\/uploads\/2025\/07\/tempImagevQQaSW-570x570.jpg 570w, https:\/\/chataslapy.cz\/de\/wp-content\/uploads\/2025\/07\/tempImagevQQaSW-285x285.jpg 285w, https:\/\/chataslapy.cz\/de\/wp-content\/uploads\/2025\/07\/tempImagevQQaSW-250x250.jpg 250w, https:\/\/chataslapy.cz\/de\/wp-content\/uploads\/2025\/07\/tempImagevQQaSW-360x360.jpg 360w\" sizes=\"(max-width: 150px) 100vw, 150px\" \/><\/a>\n\t\t\t<\/div><\/figure><figure class='gallery-item'>\n\t\t\t<div class='gallery-icon portrait'>\n\t\t\t\t<a data-elementor-open-lightbox=\"yes\" data-elementor-lightbox-slideshow=\"da72075\" data-elementor-lightbox-title=\"Toilet-First-Floor\" data-e-action-hash=\"#elementor-action%3Aaction%3Dlightbox%26settings%3DeyJpZCI6MjU2OSwidXJsIjoiaHR0cHM6XC9cL2NoYXRhc2xhcHkuY3pcL2RlXC93cC1jb250ZW50XC91cGxvYWRzXC8yMDI1XC8wN1wvVG9pbGV0LUZpcnN0LUZsb29yLXNjYWxlZC5qcGVnIiwic2xpZGVzaG93IjoiZGE3MjA3NSJ9\" href='https:\/\/chataslapy.cz\/de\/wp-content\/uploads\/2025\/07\/Toilet-First-Floor-scaled.jpeg'><img loading=\"lazy\" decoding=\"async\" width=\"150\" height=\"150\" src=\"https:\/\/chataslapy.cz\/de\/wp-content\/uploads\/2025\/07\/Toilet-First-Floor-150x150.jpeg\" class=\"attachment-thumbnail size-thumbnail\" alt=\"\" srcset=\"https:\/\/chataslapy.cz\/de\/wp-content\/uploads\/2025\/07\/Toilet-First-Floor-150x150.jpeg 150w, https:\/\/chataslapy.cz\/de\/wp-content\/uploads\/2025\/07\/Toilet-First-Floor-570x570.jpeg 570w, https:\/\/chataslapy.cz\/de\/wp-content\/uploads\/2025\/07\/Toilet-First-Floor-285x285.jpeg 285w, https:\/\/chataslapy.cz\/de\/wp-content\/uploads\/2025\/07\/Toilet-First-Floor-250x250.jpeg 250w, https:\/\/chataslapy.cz\/de\/wp-content\/uploads\/2025\/07\/Toilet-First-Floor-360x360.jpeg 360w\" sizes=\"(max-width: 150px) 100vw, 150px\" \/><\/a>\n\t\t\t<\/div><\/figure>\n\t\t<\/div>\n\t\t<\/div>\n\t\t\t\t\t\t<\/div>\n\t\t\t\t\t<\/div>\n\t\t\t\t<\/div>\n\t\t\t\t<\/div>\n\t\t","protected":false},"excerpt":{"rendered":"<p>FERIENHAUS 4 ZU VERMIETEN: Das neu gebaute und komplett eingerichtete Ferienhaus bietet Platz f\u00fcr 10 Personen Es hat eine Wohnfl\u00e4che von \u00fcber 100 qm und befindet sich in der ruhigen Siedlung Skalice in der N\u00e4he von der Ortschaft Slapy und des Staudammes Slapy, und weniger als 35 km von PRAG entfernt. \u00a0 Die Zimmereinteilung ist [&hellip;]<\/p>\n","protected":false},"author":1,"featured_media":0,"parent":0,"menu_order":0,"comment_status":"closed","ping_status":"closed","template":"elementor_header_footer","meta":{"footnotes":""},"class_list":["post-2669","page","type-page","status-publish","hentry"],"_links":{"self":[{"href":"https:\/\/chataslapy.cz\/de\/wp-json\/wp\/v2\/pages\/2669","targetHints":{"allow":["GET"]}}],"collection":[{"href":"https:\/\/chataslapy.cz\/de\/wp-json\/wp\/v2\/pages"}],"about":[{"href":"https:\/\/chataslapy.cz\/de\/wp-json\/wp\/v2\/types\/page"}],"author":[{"embeddable":true,"href":"https:\/\/chataslapy.cz\/de\/wp-json\/wp\/v2\/users\/1"}],"replies":[{"embeddable":true,"href":"https:\/\/chataslapy.cz\/de\/wp-json\/wp\/v2\/comments?post=2669"}],"version-history":[{"count":8,"href":"https:\/\/chataslapy.cz\/de\/wp-json\/wp\/v2\/pages\/2669\/revisions"}],"predecessor-version":[{"id":3256,"href":"https:\/\/chataslapy.cz\/de\/wp-json\/wp\/v2\/pages\/2669\/revisions\/3256"}],"wp:attachment":[{"href":"https:\/\/chataslapy.cz\/de\/wp-json\/wp\/v2\/media?parent=2669"}],"curies":[{"name":"wp","href":"https:\/\/api.w.org\/{rel}","templated":true}]}}