{"id":2674,"date":"2025-07-23T11:12:54","date_gmt":"2025-07-23T09:12:54","guid":{"rendered":"https:\/\/chataslapy.cz\/de\/?page_id=2674"},"modified":"2025-07-28T13:42:17","modified_gmt":"2025-07-28T11:42:17","slug":"ferienhaus-6","status":"publish","type":"page","link":"https:\/\/chataslapy.cz\/de\/ferienhaus-6\/","title":{"rendered":"FERIENHAUS 6"},"content":{"rendered":"\t\t<div data-elementor-type=\"wp-page\" data-elementor-id=\"2674\" class=\"elementor elementor-2674\">\n\t\t\t\t<div class=\"elementor-element elementor-element-8ec5f1a e-flex e-con-boxed e-con e-parent\" data-id=\"8ec5f1a\" data-element_type=\"container\">\n\t\t\t\t\t<div class=\"e-con-inner\">\n\t\t\t\t<div class=\"elementor-element elementor-element-a14f7da elementor-widget elementor-widget-heading\" data-id=\"a14f7da\" data-element_type=\"widget\" data-widget_type=\"heading.default\">\n\t\t\t\t\t<h2 class=\"elementor-heading-title elementor-size-default\">FERIENHAUS 6<\/h2>\t\t\t\t<\/div>\n\t\t\t\t<div class=\"elementor-element elementor-element-6b8905e elementor-widget elementor-widget-text-editor\" data-id=\"6b8905e\" data-element_type=\"widget\" data-widget_type=\"text-editor.default\">\n\t\t\t\t\t\t\t\t\t<div class=\"wpb_column vc_column_container vc_col-sm-7\"><div class=\"vc_column-inner\"><div class=\"wpb_wrapper\"><h4 class=\"vc_custom_heading vc_custom_1680089926878\">ZU VERMIETEN:<\/h4><div class=\"wpb_text_column wpb_content_element \"><div class=\"wpb_wrapper\"><h4>DIESES HAUS 6 WIRD GERADE RENOVIERT!! ES WIRD ERST AB DEM 1.6,23 VERMIETET!! BILDER GIBT ES AUCH ERST AB DEM 1.6.23!!<\/h4><h4 class=\"vc_custom_heading vc_custom_1452207350788\"><strong>Das neu renovierte und komplett eingerichtete Ferienhaus bietet Platz f\u00fcr bis zu<br \/>12 Personen.<br \/>Es befindet sich in der ruhigen Siedlung Sosna\/Skalice in der N\u00e4he von der Ortschaft Slapy und des Staudammes Slapy, und weniger als 35 km von PRAG entfernt.<\/strong><\/h4><div class=\"wpb_text_column wpb_content_element \"><div class=\"wpb_wrapper\"><p>\u00a0<\/p><\/div><\/div><\/div><\/div><h4 class=\"vc_custom_heading vc_custom_1452207434021\">Die Zimmereinteilung ist folgende:<\/h4><div class=\"wpb_text_column wpb_content_element \"><div class=\"wpb_wrapper\"><h4 class=\"vc_custom_heading vc_custom_1452207350788\"><strong>\u2013 4 separate Schlafzimmer,\u00a0 im Souterrain (Unterschoss) gibt es ein weiteres Schafzimmer f\u00fcr 2 Personen (mi separatem Eingang). Es gibt auch noch zus\u00e4tzlich einen Dachboden zum Beispiel f\u00fcr Kinder zum schlafen<br \/>\u2013 1 Wohnzimmer, mit einem gem\u00fctlichen Kamin, Klimaanlage, WiFi, gro\u00dfen Esstisch, einem Sofa und Sateliten-TV,<br \/>\u2013 1 K\u00fcche mit einem gro\u00dfen K\u00fchlschrank, Geschirrsp\u00fcler, Backofen, Mikrowelle, Wasserkocher, Mixer, Toaster und einer Waschmaschine,<\/strong><\/h4><h4 class=\"vc_custom_heading vc_custom_1452207350788\"><strong>\u2013 1 Badezimmer mit Dusche und Waschbecken. Es gibt noch zus\u00e4tzlich ein Au\u00dfenbadezimmer im Souterrain.<br \/>\u2013 1 separate Toilette und auch hier gibt es eine separates WC im Au\u00dfenbereich.<\/strong><\/h4><div class=\"wpb_text_column wpb_content_element \"><div class=\"wpb_wrapper\"><p>Garten und eine \u00fcberdachten Terrasse zum Grillen ein. Eine separate Feuerstelle mit Sitzb\u00e4nken ist auch vorhanden.<\/p><p>Zum Ferienhaus geh\u00f6ren auch:<br \/>\u2013 1 abschlie\u00dfbarer Keller, in dem Fahrr\u00e4der oder Angelausr\u00fcstungen gelagert werden k\u00f6nnen.<\/p><p>Direkt am Haus \u2013 dazugeh\u00f6rend \u2013 befindet sich ein Parkplatz f\u00fcr 3 Autos.<\/p><\/div><\/div><div class=\"wpb_text_column wpb_content_element \"><div class=\"wpb_wrapper\"><p>\u00a0<\/p><\/div><\/div><\/div><\/div><h4 class=\"vc_custom_heading vc_custom_1452207483507\">Aktivit\u00e4ten:<\/h4><div class=\"wpb_text_column wpb_content_element \"><div class=\"wpb_wrapper\"><h4 class=\"vc_custom_heading vc_custom_1452207483507\">Das Ferienhaus befindet sich ca. 600 m vom Privatstrand entfernt. Dort befindet sich ein privater<br \/>Anlegesteg. Zum Privatstrand haben nur die Bewohner dieser Siedlung Zugang.<br \/>Der Ort ist nicht nur zum Baden, sondern auch zum Fischen geeignet.<br \/>Sie k\u00f6nnen auch ein Ruderboot oder Motorboot direkt vom Eigent\u00fcmer des Ferienhauses mieten. Ca. 500 m entfernt vom Ferienhaus ist Camp Skalice mit einer Bootsvermietung wo Sie Tretboote, Kanus und Motorboote mieten k\u00f6nnen.<\/h4><div class=\"wpb_text_column wpb_content_element \"><div class=\"wpb_wrapper\"><p>Aus dem Camp f\u00e4hrt t\u00e4glich ein Dampfer, von dem aus Sie die wunderbare Aussichten auf die Sch\u00f6nheiten des Sees von Slapy genie\u00dfen k\u00f6nnen. Der Dampfer f\u00e4hrt Sie auch zu den umliegenden Campingpl\u00e4tzen und Str\u00e4nden, wo Sie den Wasserpark mit Wasserrutsche, einen Seilpark, ein Hallenbad und vieles mehr besuchen k\u00f6nnen.<br \/>Camp Skalice bietet jeweils auch ein Abend-Unterhaltungsprogramm an.<\/p><p>Neben der Siedlung Skalice befindet sich der Golfplatz von Slapy St. Jan, welcher als einer der beliebtesten in der Tschechischen Republik eingestuft wird.<\/p><p>Der Staudamm von Slapy bietet ein wunderbares Panorama an. Die Gegend eignet sich auch wunderbar zum Wandern oder Radfahren. Und auf die Pilz-Sammler warten die einladenden, wunderbaren W\u00e4lder der Umgebung.<\/p><\/div><\/div><div class=\"wpb_text_column wpb_content_element \"><div class=\"wpb_wrapper\"><p>\u00a0<\/p><\/div><\/div><\/div><\/div><h4 class=\"vc_custom_heading vc_custom_1452207521178\">Weitere Angebote in der n\u00e4heren Umgebung:<\/h4><div class=\"wpb_text_column wpb_content_element \"><div class=\"wpb_wrapper\"><div class=\"wpb_text_column wpb_content_element \"><div class=\"wpb_wrapper\">Die n\u00e4chstgelegenen Shops, Restaurants und Imbissst\u00e4nde im Camp Skalice sind ca. 500 m vom Ferienhaus entfernt.<br \/>Es gibt in der N\u00e4he auch einen kleinen Supermarkt und mehrere Restaurants. Diese liegen ca. 2 km entfernt in der Ortschaft Bu\u0161.<\/div><\/div><div class=\"wpb_text_column wpb_content_element \"><div class=\"wpb_wrapper\"><p>In der 2 km entfernten Ortschaft Slapy befinden sich 3 Gesch\u00e4fte, 3 Restaurants, ein Postamt und ein Arzt.<\/p><\/div><\/div><\/div><\/div><\/div><\/div><\/div>\t\t\t\t\t\t\t\t<\/div>\n\t\t\t\t\t<\/div>\n\t\t\t\t<\/div>\n\t\t<div class=\"elementor-element elementor-element-344ea99 e-flex e-con-boxed e-con e-parent\" data-id=\"344ea99\" data-element_type=\"container\">\n\t\t\t\t\t<div class=\"e-con-inner\">\n\t\t\t\t<div class=\"elementor-element elementor-element-bc5f370 elementor-widget elementor-widget-image-gallery\" data-id=\"bc5f370\" data-element_type=\"widget\" data-widget_type=\"image-gallery.default\">\n\t\t\t\t\t\t\t<div class=\"elementor-image-gallery\">\n\t\t\t<div id='gallery-1' class='gallery galleryid-2674 gallery-columns-4 gallery-size-thumbnail'><figure class='gallery-item'>\n\t\t\t<div class='gallery-icon landscape'>\n\t\t\t\t<a data-elementor-open-lightbox=\"yes\" data-elementor-lightbox-slideshow=\"bc5f370\" data-elementor-lightbox-title=\"0d8c5ebe-d757-47b7-93ee-0b409252b345\" data-e-action-hash=\"#elementor-action%3Aaction%3Dlightbox%26settings%3DeyJpZCI6MjYwMywidXJsIjoiaHR0cHM6XC9cL2NoYXRhc2xhcHkuY3pcL2RlXC93cC1jb250ZW50XC91cGxvYWRzXC8yMDI1XC8wN1wvMGQ4YzVlYmUtZDc1Ny00N2I3LTkzZWUtMGI0MDkyNTJiMzQ1LmpwZyIsInNsaWRlc2hvdyI6ImJjNWYzNzAifQ%3D%3D\" href='https:\/\/chataslapy.cz\/de\/wp-content\/uploads\/2025\/07\/0d8c5ebe-d757-47b7-93ee-0b409252b345.jpg'><img decoding=\"async\" width=\"150\" height=\"150\" src=\"https:\/\/chataslapy.cz\/de\/wp-content\/uploads\/2025\/07\/0d8c5ebe-d757-47b7-93ee-0b409252b345-150x150.jpg\" class=\"attachment-thumbnail size-thumbnail\" alt=\"\" \/><\/a>\n\t\t\t<\/div><\/figure><figure class='gallery-item'>\n\t\t\t<div class='gallery-icon landscape'>\n\t\t\t\t<a data-elementor-open-lightbox=\"yes\" data-elementor-lightbox-slideshow=\"bc5f370\" data-elementor-lightbox-title=\"0d40cfd1-2b04-4dfa-9144-5747d8fba738\" data-e-action-hash=\"#elementor-action%3Aaction%3Dlightbox%26settings%3DeyJpZCI6MjYwNCwidXJsIjoiaHR0cHM6XC9cL2NoYXRhc2xhcHkuY3pcL2RlXC93cC1jb250ZW50XC91cGxvYWRzXC8yMDI1XC8wN1wvMGQ0MGNmZDEtMmIwNC00ZGZhLTkxNDQtNTc0N2Q4ZmJhNzM4LmpwZyIsInNsaWRlc2hvdyI6ImJjNWYzNzAifQ%3D%3D\" href='https:\/\/chataslapy.cz\/de\/wp-content\/uploads\/2025\/07\/0d40cfd1-2b04-4dfa-9144-5747d8fba738.jpg'><img decoding=\"async\" width=\"150\" height=\"150\" src=\"https:\/\/chataslapy.cz\/de\/wp-content\/uploads\/2025\/07\/0d40cfd1-2b04-4dfa-9144-5747d8fba738-150x150.jpg\" class=\"attachment-thumbnail size-thumbnail\" alt=\"\" \/><\/a>\n\t\t\t<\/div><\/figure><figure class='gallery-item'>\n\t\t\t<div class='gallery-icon landscape'>\n\t\t\t\t<a data-elementor-open-lightbox=\"yes\" data-elementor-lightbox-slideshow=\"bc5f370\" data-elementor-lightbox-title=\"02e76595-5118-4140-a5d2-05cc409f205d\" data-e-action-hash=\"#elementor-action%3Aaction%3Dlightbox%26settings%3DeyJpZCI6MjYwNSwidXJsIjoiaHR0cHM6XC9cL2NoYXRhc2xhcHkuY3pcL2RlXC93cC1jb250ZW50XC91cGxvYWRzXC8yMDI1XC8wN1wvMDJlNzY1OTUtNTExOC00MTQwLWE1ZDItMDVjYzQwOWYyMDVkLmpwZyIsInNsaWRlc2hvdyI6ImJjNWYzNzAifQ%3D%3D\" href='https:\/\/chataslapy.cz\/de\/wp-content\/uploads\/2025\/07\/02e76595-5118-4140-a5d2-05cc409f205d.jpg'><img decoding=\"async\" width=\"150\" height=\"150\" src=\"https:\/\/chataslapy.cz\/de\/wp-content\/uploads\/2025\/07\/02e76595-5118-4140-a5d2-05cc409f205d-150x150.jpg\" class=\"attachment-thumbnail size-thumbnail\" alt=\"\" \/><\/a>\n\t\t\t<\/div><\/figure><figure class='gallery-item'>\n\t\t\t<div class='gallery-icon landscape'>\n\t\t\t\t<a data-elementor-open-lightbox=\"yes\" data-elementor-lightbox-slideshow=\"bc5f370\" data-elementor-lightbox-title=\"4b909434-18ba-43b7-a9e4-bfa3d3d06f61\" data-e-action-hash=\"#elementor-action%3Aaction%3Dlightbox%26settings%3DeyJpZCI6MjYwNiwidXJsIjoiaHR0cHM6XC9cL2NoYXRhc2xhcHkuY3pcL2RlXC93cC1jb250ZW50XC91cGxvYWRzXC8yMDI1XC8wN1wvNGI5MDk0MzQtMThiYS00M2I3LWE5ZTQtYmZhM2QzZDA2ZjYxLmpwZyIsInNsaWRlc2hvdyI6ImJjNWYzNzAifQ%3D%3D\" href='https:\/\/chataslapy.cz\/de\/wp-content\/uploads\/2025\/07\/4b909434-18ba-43b7-a9e4-bfa3d3d06f61.jpg'><img loading=\"lazy\" decoding=\"async\" width=\"150\" height=\"150\" src=\"https:\/\/chataslapy.cz\/de\/wp-content\/uploads\/2025\/07\/4b909434-18ba-43b7-a9e4-bfa3d3d06f61-150x150.jpg\" class=\"attachment-thumbnail size-thumbnail\" alt=\"\" \/><\/a>\n\t\t\t<\/div><\/figure><figure class='gallery-item'>\n\t\t\t<div class='gallery-icon landscape'>\n\t\t\t\t<a data-elementor-open-lightbox=\"yes\" data-elementor-lightbox-slideshow=\"bc5f370\" data-elementor-lightbox-title=\"4e9a1a89-be85-4e87-a2c9-432c3cde3d0e\" data-e-action-hash=\"#elementor-action%3Aaction%3Dlightbox%26settings%3DeyJpZCI6MjYwNywidXJsIjoiaHR0cHM6XC9cL2NoYXRhc2xhcHkuY3pcL2RlXC93cC1jb250ZW50XC91cGxvYWRzXC8yMDI1XC8wN1wvNGU5YTFhODktYmU4NS00ZTg3LWEyYzktNDMyYzNjZGUzZDBlLmpwZyIsInNsaWRlc2hvdyI6ImJjNWYzNzAifQ%3D%3D\" href='https:\/\/chataslapy.cz\/de\/wp-content\/uploads\/2025\/07\/4e9a1a89-be85-4e87-a2c9-432c3cde3d0e.jpg'><img loading=\"lazy\" decoding=\"async\" width=\"150\" height=\"150\" src=\"https:\/\/chataslapy.cz\/de\/wp-content\/uploads\/2025\/07\/4e9a1a89-be85-4e87-a2c9-432c3cde3d0e-150x150.jpg\" class=\"attachment-thumbnail size-thumbnail\" alt=\"\" \/><\/a>\n\t\t\t<\/div><\/figure><figure class='gallery-item'>\n\t\t\t<div class='gallery-icon landscape'>\n\t\t\t\t<a data-elementor-open-lightbox=\"yes\" data-elementor-lightbox-slideshow=\"bc5f370\" data-elementor-lightbox-title=\"6d0ea8ee-41cf-4ee5-95b2-25004ea245c8\" data-e-action-hash=\"#elementor-action%3Aaction%3Dlightbox%26settings%3DeyJpZCI6MjYwOCwidXJsIjoiaHR0cHM6XC9cL2NoYXRhc2xhcHkuY3pcL2RlXC93cC1jb250ZW50XC91cGxvYWRzXC8yMDI1XC8wN1wvNmQwZWE4ZWUtNDFjZi00ZWU1LTk1YjItMjUwMDRlYTI0NWM4LmpwZyIsInNsaWRlc2hvdyI6ImJjNWYzNzAifQ%3D%3D\" href='https:\/\/chataslapy.cz\/de\/wp-content\/uploads\/2025\/07\/6d0ea8ee-41cf-4ee5-95b2-25004ea245c8.jpg'><img loading=\"lazy\" decoding=\"async\" width=\"150\" height=\"150\" src=\"https:\/\/chataslapy.cz\/de\/wp-content\/uploads\/2025\/07\/6d0ea8ee-41cf-4ee5-95b2-25004ea245c8-150x150.jpg\" class=\"attachment-thumbnail size-thumbnail\" alt=\"\" \/><\/a>\n\t\t\t<\/div><\/figure><figure class='gallery-item'>\n\t\t\t<div class='gallery-icon landscape'>\n\t\t\t\t<a data-elementor-open-lightbox=\"yes\" data-elementor-lightbox-slideshow=\"bc5f370\" data-elementor-lightbox-title=\"9a59aa80-e020-4572-a265-10eb9c38c8af\" data-e-action-hash=\"#elementor-action%3Aaction%3Dlightbox%26settings%3DeyJpZCI6MjYwOSwidXJsIjoiaHR0cHM6XC9cL2NoYXRhc2xhcHkuY3pcL2RlXC93cC1jb250ZW50XC91cGxvYWRzXC8yMDI1XC8wN1wvOWE1OWFhODAtZTAyMC00NTcyLWEyNjUtMTBlYjljMzhjOGFmLmpwZyIsInNsaWRlc2hvdyI6ImJjNWYzNzAifQ%3D%3D\" href='https:\/\/chataslapy.cz\/de\/wp-content\/uploads\/2025\/07\/9a59aa80-e020-4572-a265-10eb9c38c8af.jpg'><img loading=\"lazy\" decoding=\"async\" width=\"150\" height=\"150\" src=\"https:\/\/chataslapy.cz\/de\/wp-content\/uploads\/2025\/07\/9a59aa80-e020-4572-a265-10eb9c38c8af-150x150.jpg\" class=\"attachment-thumbnail size-thumbnail\" alt=\"\" \/><\/a>\n\t\t\t<\/div><\/figure><figure class='gallery-item'>\n\t\t\t<div class='gallery-icon landscape'>\n\t\t\t\t<a data-elementor-open-lightbox=\"yes\" data-elementor-lightbox-slideshow=\"bc5f370\" data-elementor-lightbox-title=\"52a419fb-882b-4a4c-8b0e-727f0f0d1948\" data-e-action-hash=\"#elementor-action%3Aaction%3Dlightbox%26settings%3DeyJpZCI6MjYxMCwidXJsIjoiaHR0cHM6XC9cL2NoYXRhc2xhcHkuY3pcL2RlXC93cC1jb250ZW50XC91cGxvYWRzXC8yMDI1XC8wN1wvNTJhNDE5ZmItODgyYi00YTRjLThiMGUtNzI3ZjBmMGQxOTQ4LmpwZyIsInNsaWRlc2hvdyI6ImJjNWYzNzAifQ%3D%3D\" href='https:\/\/chataslapy.cz\/de\/wp-content\/uploads\/2025\/07\/52a419fb-882b-4a4c-8b0e-727f0f0d1948.jpg'><img loading=\"lazy\" decoding=\"async\" width=\"150\" height=\"150\" src=\"https:\/\/chataslapy.cz\/de\/wp-content\/uploads\/2025\/07\/52a419fb-882b-4a4c-8b0e-727f0f0d1948-150x150.jpg\" class=\"attachment-thumbnail size-thumbnail\" alt=\"\" \/><\/a>\n\t\t\t<\/div><\/figure><figure class='gallery-item'>\n\t\t\t<div class='gallery-icon landscape'>\n\t\t\t\t<a data-elementor-open-lightbox=\"yes\" data-elementor-lightbox-slideshow=\"bc5f370\" data-elementor-lightbox-title=\"5535d0f5-1add-4cf4-aebd-1432e332db97\" data-e-action-hash=\"#elementor-action%3Aaction%3Dlightbox%26settings%3DeyJpZCI6MjYxMSwidXJsIjoiaHR0cHM6XC9cL2NoYXRhc2xhcHkuY3pcL2RlXC93cC1jb250ZW50XC91cGxvYWRzXC8yMDI1XC8wN1wvNTUzNWQwZjUtMWFkZC00Y2Y0LWFlYmQtMTQzMmUzMzJkYjk3LmpwZyIsInNsaWRlc2hvdyI6ImJjNWYzNzAifQ%3D%3D\" href='https:\/\/chataslapy.cz\/de\/wp-content\/uploads\/2025\/07\/5535d0f5-1add-4cf4-aebd-1432e332db97.jpg'><img loading=\"lazy\" decoding=\"async\" width=\"150\" height=\"150\" src=\"https:\/\/chataslapy.cz\/de\/wp-content\/uploads\/2025\/07\/5535d0f5-1add-4cf4-aebd-1432e332db97-150x150.jpg\" class=\"attachment-thumbnail size-thumbnail\" alt=\"\" \/><\/a>\n\t\t\t<\/div><\/figure><figure class='gallery-item'>\n\t\t\t<div class='gallery-icon landscape'>\n\t\t\t\t<a data-elementor-open-lightbox=\"yes\" data-elementor-lightbox-slideshow=\"bc5f370\" data-elementor-lightbox-title=\"8772f31e-051b-4bf6-9510-efeef1401828\" data-e-action-hash=\"#elementor-action%3Aaction%3Dlightbox%26settings%3DeyJpZCI6MjYxMiwidXJsIjoiaHR0cHM6XC9cL2NoYXRhc2xhcHkuY3pcL2RlXC93cC1jb250ZW50XC91cGxvYWRzXC8yMDI1XC8wN1wvODc3MmYzMWUtMDUxYi00YmY2LTk1MTAtZWZlZWYxNDAxODI4LmpwZyIsInNsaWRlc2hvdyI6ImJjNWYzNzAifQ%3D%3D\" href='https:\/\/chataslapy.cz\/de\/wp-content\/uploads\/2025\/07\/8772f31e-051b-4bf6-9510-efeef1401828.jpg'><img loading=\"lazy\" decoding=\"async\" width=\"150\" height=\"150\" src=\"https:\/\/chataslapy.cz\/de\/wp-content\/uploads\/2025\/07\/8772f31e-051b-4bf6-9510-efeef1401828-150x150.jpg\" class=\"attachment-thumbnail size-thumbnail\" alt=\"\" \/><\/a>\n\t\t\t<\/div><\/figure><figure class='gallery-item'>\n\t\t\t<div class='gallery-icon landscape'>\n\t\t\t\t<a data-elementor-open-lightbox=\"yes\" data-elementor-lightbox-slideshow=\"bc5f370\" data-elementor-lightbox-title=\"38395c6e-c9c4-4571-9c91-15d593acdf40\" data-e-action-hash=\"#elementor-action%3Aaction%3Dlightbox%26settings%3DeyJpZCI6MjYxMywidXJsIjoiaHR0cHM6XC9cL2NoYXRhc2xhcHkuY3pcL2RlXC93cC1jb250ZW50XC91cGxvYWRzXC8yMDI1XC8wN1wvMzgzOTVjNmUtYzljNC00NTcxLTljOTEtMTVkNTkzYWNkZjQwLmpwZyIsInNsaWRlc2hvdyI6ImJjNWYzNzAifQ%3D%3D\" href='https:\/\/chataslapy.cz\/de\/wp-content\/uploads\/2025\/07\/38395c6e-c9c4-4571-9c91-15d593acdf40.jpg'><img loading=\"lazy\" decoding=\"async\" width=\"150\" height=\"150\" src=\"https:\/\/chataslapy.cz\/de\/wp-content\/uploads\/2025\/07\/38395c6e-c9c4-4571-9c91-15d593acdf40-150x150.jpg\" class=\"attachment-thumbnail size-thumbnail\" alt=\"\" \/><\/a>\n\t\t\t<\/div><\/figure><figure class='gallery-item'>\n\t\t\t<div class='gallery-icon landscape'>\n\t\t\t\t<a data-elementor-open-lightbox=\"yes\" data-elementor-lightbox-slideshow=\"bc5f370\" data-elementor-lightbox-title=\"86328c7e-cd5c-4308-84c6-bfc5467e78c3\" data-e-action-hash=\"#elementor-action%3Aaction%3Dlightbox%26settings%3DeyJpZCI6MjYxNCwidXJsIjoiaHR0cHM6XC9cL2NoYXRhc2xhcHkuY3pcL2RlXC93cC1jb250ZW50XC91cGxvYWRzXC8yMDI1XC8wN1wvODYzMjhjN2UtY2Q1Yy00MzA4LTg0YzYtYmZjNTQ2N2U3OGMzLmpwZyIsInNsaWRlc2hvdyI6ImJjNWYzNzAifQ%3D%3D\" href='https:\/\/chataslapy.cz\/de\/wp-content\/uploads\/2025\/07\/86328c7e-cd5c-4308-84c6-bfc5467e78c3.jpg'><img loading=\"lazy\" decoding=\"async\" width=\"150\" height=\"150\" src=\"https:\/\/chataslapy.cz\/de\/wp-content\/uploads\/2025\/07\/86328c7e-cd5c-4308-84c6-bfc5467e78c3-150x150.jpg\" class=\"attachment-thumbnail size-thumbnail\" alt=\"\" \/><\/a>\n\t\t\t<\/div><\/figure><figure class='gallery-item'>\n\t\t\t<div class='gallery-icon landscape'>\n\t\t\t\t<a data-elementor-open-lightbox=\"yes\" data-elementor-lightbox-slideshow=\"bc5f370\" data-elementor-lightbox-title=\"526868d9-ee56-458e-97fd-bf32ed401bf9\" data-e-action-hash=\"#elementor-action%3Aaction%3Dlightbox%26settings%3DeyJpZCI6MjYxNSwidXJsIjoiaHR0cHM6XC9cL2NoYXRhc2xhcHkuY3pcL2RlXC93cC1jb250ZW50XC91cGxvYWRzXC8yMDI1XC8wN1wvNTI2ODY4ZDktZWU1Ni00NThlLTk3ZmQtYmYzMmVkNDAxYmY5LmpwZyIsInNsaWRlc2hvdyI6ImJjNWYzNzAifQ%3D%3D\" href='https:\/\/chataslapy.cz\/de\/wp-content\/uploads\/2025\/07\/526868d9-ee56-458e-97fd-bf32ed401bf9.jpg'><img loading=\"lazy\" decoding=\"async\" width=\"150\" height=\"150\" src=\"https:\/\/chataslapy.cz\/de\/wp-content\/uploads\/2025\/07\/526868d9-ee56-458e-97fd-bf32ed401bf9-150x150.jpg\" class=\"attachment-thumbnail size-thumbnail\" alt=\"\" \/><\/a>\n\t\t\t<\/div><\/figure><figure class='gallery-item'>\n\t\t\t<div class='gallery-icon landscape'>\n\t\t\t\t<a data-elementor-open-lightbox=\"yes\" data-elementor-lightbox-slideshow=\"bc5f370\" data-elementor-lightbox-title=\"548434c3-1935-43e9-8ee7-3e69a131fba4\" data-e-action-hash=\"#elementor-action%3Aaction%3Dlightbox%26settings%3DeyJpZCI6MjYxNiwidXJsIjoiaHR0cHM6XC9cL2NoYXRhc2xhcHkuY3pcL2RlXC93cC1jb250ZW50XC91cGxvYWRzXC8yMDI1XC8wN1wvNTQ4NDM0YzMtMTkzNS00M2U5LThlZTctM2U2OWExMzFmYmE0LmpwZyIsInNsaWRlc2hvdyI6ImJjNWYzNzAifQ%3D%3D\" href='https:\/\/chataslapy.cz\/de\/wp-content\/uploads\/2025\/07\/548434c3-1935-43e9-8ee7-3e69a131fba4.jpg'><img loading=\"lazy\" decoding=\"async\" width=\"150\" height=\"150\" src=\"https:\/\/chataslapy.cz\/de\/wp-content\/uploads\/2025\/07\/548434c3-1935-43e9-8ee7-3e69a131fba4-150x150.jpg\" class=\"attachment-thumbnail size-thumbnail\" alt=\"\" \/><\/a>\n\t\t\t<\/div><\/figure><figure class='gallery-item'>\n\t\t\t<div class='gallery-icon landscape'>\n\t\t\t\t<a data-elementor-open-lightbox=\"yes\" data-elementor-lightbox-slideshow=\"bc5f370\" data-elementor-lightbox-title=\"b1bf87df-3e8e-4c9f-9263-d9f22f5ba161\" data-e-action-hash=\"#elementor-action%3Aaction%3Dlightbox%26settings%3DeyJpZCI6MjYxNywidXJsIjoiaHR0cHM6XC9cL2NoYXRhc2xhcHkuY3pcL2RlXC93cC1jb250ZW50XC91cGxvYWRzXC8yMDI1XC8wN1wvYjFiZjg3ZGYtM2U4ZS00YzlmLTkyNjMtZDlmMjJmNWJhMTYxLTEuanBnIiwic2xpZGVzaG93IjoiYmM1ZjM3MCJ9\" href='https:\/\/chataslapy.cz\/de\/wp-content\/uploads\/2025\/07\/b1bf87df-3e8e-4c9f-9263-d9f22f5ba161-1.jpg'><img loading=\"lazy\" decoding=\"async\" width=\"150\" height=\"150\" src=\"https:\/\/chataslapy.cz\/de\/wp-content\/uploads\/2025\/07\/b1bf87df-3e8e-4c9f-9263-d9f22f5ba161-1-150x150.jpg\" class=\"attachment-thumbnail size-thumbnail\" alt=\"\" \/><\/a>\n\t\t\t<\/div><\/figure><figure class='gallery-item'>\n\t\t\t<div class='gallery-icon landscape'>\n\t\t\t\t<a data-elementor-open-lightbox=\"yes\" data-elementor-lightbox-slideshow=\"bc5f370\" data-elementor-lightbox-title=\"ce244ab1-0b78-434c-8d92-d77ca0945b9d\" data-e-action-hash=\"#elementor-action%3Aaction%3Dlightbox%26settings%3DeyJpZCI6MjYxOCwidXJsIjoiaHR0cHM6XC9cL2NoYXRhc2xhcHkuY3pcL2RlXC93cC1jb250ZW50XC91cGxvYWRzXC8yMDI1XC8wN1wvY2UyNDRhYjEtMGI3OC00MzRjLThkOTItZDc3Y2EwOTQ1YjlkLmpwZyIsInNsaWRlc2hvdyI6ImJjNWYzNzAifQ%3D%3D\" href='https:\/\/chataslapy.cz\/de\/wp-content\/uploads\/2025\/07\/ce244ab1-0b78-434c-8d92-d77ca0945b9d.jpg'><img loading=\"lazy\" decoding=\"async\" width=\"150\" height=\"150\" src=\"https:\/\/chataslapy.cz\/de\/wp-content\/uploads\/2025\/07\/ce244ab1-0b78-434c-8d92-d77ca0945b9d-150x150.jpg\" class=\"attachment-thumbnail size-thumbnail\" alt=\"\" \/><\/a>\n\t\t\t<\/div><\/figure><figure class='gallery-item'>\n\t\t\t<div class='gallery-icon landscape'>\n\t\t\t\t<a data-elementor-open-lightbox=\"yes\" data-elementor-lightbox-slideshow=\"bc5f370\" data-elementor-lightbox-title=\"eb4b462b-80c7-4bce-8a57-63fe24d16749\" data-e-action-hash=\"#elementor-action%3Aaction%3Dlightbox%26settings%3DeyJpZCI6MjYxOSwidXJsIjoiaHR0cHM6XC9cL2NoYXRhc2xhcHkuY3pcL2RlXC93cC1jb250ZW50XC91cGxvYWRzXC8yMDI1XC8wN1wvZWI0YjQ2MmItODBjNy00YmNlLThhNTctNjNmZTI0ZDE2NzQ5LmpwZyIsInNsaWRlc2hvdyI6ImJjNWYzNzAifQ%3D%3D\" href='https:\/\/chataslapy.cz\/de\/wp-content\/uploads\/2025\/07\/eb4b462b-80c7-4bce-8a57-63fe24d16749.jpg'><img loading=\"lazy\" decoding=\"async\" width=\"150\" height=\"150\" src=\"https:\/\/chataslapy.cz\/de\/wp-content\/uploads\/2025\/07\/eb4b462b-80c7-4bce-8a57-63fe24d16749-150x150.jpg\" class=\"attachment-thumbnail size-thumbnail\" alt=\"\" \/><\/a>\n\t\t\t<\/div><\/figure><figure class='gallery-item'>\n\t\t\t<div class='gallery-icon landscape'>\n\t\t\t\t<a data-elementor-open-lightbox=\"yes\" data-elementor-lightbox-slideshow=\"bc5f370\" data-elementor-lightbox-title=\"chata-6-akt\" data-e-action-hash=\"#elementor-action%3Aaction%3Dlightbox%26settings%3DeyJpZCI6MjYyMCwidXJsIjoiaHR0cHM6XC9cL2NoYXRhc2xhcHkuY3pcL2RlXC93cC1jb250ZW50XC91cGxvYWRzXC8yMDI1XC8wN1wvY2hhdGEtNi1ha3QtMS5qcGciLCJzbGlkZXNob3ciOiJiYzVmMzcwIn0%3D\" href='https:\/\/chataslapy.cz\/de\/wp-content\/uploads\/2025\/07\/chata-6-akt-1.jpg'><img loading=\"lazy\" decoding=\"async\" width=\"150\" height=\"150\" src=\"https:\/\/chataslapy.cz\/de\/wp-content\/uploads\/2025\/07\/chata-6-akt-1-150x150.jpg\" class=\"attachment-thumbnail size-thumbnail\" alt=\"\" \/><\/a>\n\t\t\t<\/div><\/figure><figure class='gallery-item'>\n\t\t\t<div class='gallery-icon landscape'>\n\t\t\t\t<a data-elementor-open-lightbox=\"yes\" data-elementor-lightbox-slideshow=\"bc5f370\" data-elementor-lightbox-title=\"chata-6-aussicht-oben\" data-e-action-hash=\"#elementor-action%3Aaction%3Dlightbox%26settings%3DeyJpZCI6MjYyMSwidXJsIjoiaHR0cHM6XC9cL2NoYXRhc2xhcHkuY3pcL2RlXC93cC1jb250ZW50XC91cGxvYWRzXC8yMDI1XC8wN1wvY2hhdGEtNi1hdXNzaWNodC1vYmVuLmpwZyIsInNsaWRlc2hvdyI6ImJjNWYzNzAifQ%3D%3D\" href='https:\/\/chataslapy.cz\/de\/wp-content\/uploads\/2025\/07\/chata-6-aussicht-oben.jpg'><img loading=\"lazy\" decoding=\"async\" width=\"150\" height=\"150\" src=\"https:\/\/chataslapy.cz\/de\/wp-content\/uploads\/2025\/07\/chata-6-aussicht-oben-150x150.jpg\" class=\"attachment-thumbnail size-thumbnail\" alt=\"\" \/><\/a>\n\t\t\t<\/div><\/figure><figure class='gallery-item'>\n\t\t\t<div class='gallery-icon landscape'>\n\t\t\t\t<a data-elementor-open-lightbox=\"yes\" data-elementor-lightbox-slideshow=\"bc5f370\" data-elementor-lightbox-title=\"chata-6-schodiste\" data-e-action-hash=\"#elementor-action%3Aaction%3Dlightbox%26settings%3DeyJpZCI6MjYyMiwidXJsIjoiaHR0cHM6XC9cL2NoYXRhc2xhcHkuY3pcL2RlXC93cC1jb250ZW50XC91cGxvYWRzXC8yMDI1XC8wN1wvY2hhdGEtNi1zY2hvZGlzdGUuanBnIiwic2xpZGVzaG93IjoiYmM1ZjM3MCJ9\" href='https:\/\/chataslapy.cz\/de\/wp-content\/uploads\/2025\/07\/chata-6-schodiste.jpg'><img loading=\"lazy\" decoding=\"async\" width=\"150\" height=\"150\" src=\"https:\/\/chataslapy.cz\/de\/wp-content\/uploads\/2025\/07\/chata-6-schodiste-150x150.jpg\" class=\"attachment-thumbnail size-thumbnail\" alt=\"\" \/><\/a>\n\t\t\t<\/div><\/figure>\n\t\t<\/div>\n\t\t<\/div>\n\t\t\t\t\t\t<\/div>\n\t\t\t\t\t<\/div>\n\t\t\t\t<\/div>\n\t\t\t\t<\/div>\n\t\t","protected":false},"excerpt":{"rendered":"<p>FERIENHAUS 6 ZU VERMIETEN: DIESES HAUS 6 WIRD GERADE RENOVIERT!! ES WIRD ERST AB DEM 1.6,23 VERMIETET!! BILDER GIBT ES AUCH ERST AB DEM 1.6.23!! Das neu renovierte und komplett eingerichtete Ferienhaus bietet Platz f\u00fcr bis zu12 Personen.Es befindet sich in der ruhigen Siedlung Sosna\/Skalice in der N\u00e4he von der Ortschaft Slapy und des Staudammes [&hellip;]<\/p>\n","protected":false},"author":1,"featured_media":0,"parent":0,"menu_order":0,"comment_status":"closed","ping_status":"closed","template":"elementor_header_footer","meta":{"footnotes":""},"class_list":["post-2674","page","type-page","status-publish","hentry"],"_links":{"self":[{"href":"https:\/\/chataslapy.cz\/de\/wp-json\/wp\/v2\/pages\/2674","targetHints":{"allow":["GET"]}}],"collection":[{"href":"https:\/\/chataslapy.cz\/de\/wp-json\/wp\/v2\/pages"}],"about":[{"href":"https:\/\/chataslapy.cz\/de\/wp-json\/wp\/v2\/types\/page"}],"author":[{"embeddable":true,"href":"https:\/\/chataslapy.cz\/de\/wp-json\/wp\/v2\/users\/1"}],"replies":[{"embeddable":true,"href":"https:\/\/chataslapy.cz\/de\/wp-json\/wp\/v2\/comments?post=2674"}],"version-history":[{"count":8,"href":"https:\/\/chataslapy.cz\/de\/wp-json\/wp\/v2\/pages\/2674\/revisions"}],"predecessor-version":[{"id":3262,"href":"https:\/\/chataslapy.cz\/de\/wp-json\/wp\/v2\/pages\/2674\/revisions\/3262"}],"wp:attachment":[{"href":"https:\/\/chataslapy.cz\/de\/wp-json\/wp\/v2\/media?parent=2674"}],"curies":[{"name":"wp","href":"https:\/\/api.w.org\/{rel}","templated":true}]}}