{"id":2678,"date":"2025-07-23T11:13:42","date_gmt":"2025-07-23T09:13:42","guid":{"rendered":"https:\/\/chataslapy.cz\/de\/?page_id=2678"},"modified":"2025-07-28T13:43:34","modified_gmt":"2025-07-28T11:43:34","slug":"motorboot-2","status":"publish","type":"page","link":"https:\/\/chataslapy.cz\/de\/motorboot-2\/","title":{"rendered":"MOTORBOOT 2"},"content":{"rendered":"\t\t<div data-elementor-type=\"wp-page\" data-elementor-id=\"2678\" class=\"elementor elementor-2678\">\n\t\t\t\t<div class=\"elementor-element elementor-element-13a5cca e-flex e-con-boxed e-con e-parent\" data-id=\"13a5cca\" data-element_type=\"container\">\n\t\t\t\t\t<div class=\"e-con-inner\">\n\t\t\t\t<div class=\"elementor-element elementor-element-3213247 elementor-widget elementor-widget-heading\" data-id=\"3213247\" data-element_type=\"widget\" data-widget_type=\"heading.default\">\n\t\t\t\t\t<h2 class=\"elementor-heading-title elementor-size-default\">Motorboot 2<\/h2>\t\t\t\t<\/div>\n\t\t\t\t\t<\/div>\n\t\t\t\t<\/div>\n\t\t<div class=\"elementor-element elementor-element-3e3498b e-flex e-con-boxed e-con e-parent\" data-id=\"3e3498b\" data-element_type=\"container\">\n\t\t\t\t\t<div class=\"e-con-inner\">\n\t\t\t\t<div class=\"elementor-element elementor-element-f11aef3 elementor-widget elementor-widget-text-editor\" data-id=\"f11aef3\" data-element_type=\"widget\" data-widget_type=\"text-editor.default\">\n\t\t\t\t\t\t\t\t\t<div class=\"wpb_column vc_column_container vc_col-sm-7\"><div class=\"vc_column-inner\"><div class=\"wpb_wrapper\"><h4 class=\"vc_custom_heading vc_custom_1452207350788\">ZU VERMIETEN:<\/h4><div class=\"wpb_text_column wpb_content_element \"><div class=\"wpb_wrapper\"><p>Motorboot mit einem 3,5PS Motor das ohne F\u00fchrerschein gefahren werden darf.<\/p><\/div><\/div><h4 class=\"vc_custom_heading vc_custom_1452207483507\">Aktivit\u00e4ten:<\/h4><h4 class=\"vc_custom_heading vc_custom_1452207521178\">Weitere Angebote in der n\u00e4heren Umgebung:<\/h4><div class=\"wpb_text_column wpb_content_element \"><div class=\"wpb_wrapper\"><p>In bearbeitung<\/p><\/div><\/div><\/div><\/div><\/div>\t\t\t\t\t\t\t\t<\/div>\n\t\t\t\t\t<\/div>\n\t\t\t\t<\/div>\n\t\t<div class=\"elementor-element elementor-element-7a96135 e-flex e-con-boxed e-con e-parent\" data-id=\"7a96135\" data-element_type=\"container\">\n\t\t\t\t\t<div class=\"e-con-inner\">\n\t\t\t\t<div class=\"elementor-element elementor-element-20920af elementor-widget elementor-widget-image-gallery\" data-id=\"20920af\" data-element_type=\"widget\" data-widget_type=\"image-gallery.default\">\n\t\t\t\t\t\t\t<div class=\"elementor-image-gallery\">\n\t\t\t<div id='gallery-1' class='gallery galleryid-2678 gallery-columns-4 gallery-size-thumbnail'><figure class='gallery-item'>\n\t\t\t<div class='gallery-icon landscape'>\n\t\t\t\t<a data-elementor-open-lightbox=\"yes\" data-elementor-lightbox-slideshow=\"20920af\" data-elementor-lightbox-title=\"Obr\u00e1zek-WhatsApp-2024-03-08-v-17.53.45_ff763e2f\" data-e-action-hash=\"#elementor-action%3Aaction%3Dlightbox%26settings%3DeyJpZCI6MjY1MCwidXJsIjoiaHR0cHM6XC9cL2NoYXRhc2xhcHkuY3pcL2RlXC93cC1jb250ZW50XC91cGxvYWRzXC8yMDI1XC8wN1wvT2JyYXplay1XaGF0c0FwcC0yMDI0LTAzLTA4LXYtMTcuNTMuNDVfZmY3NjNlMmYtMS5qcGciLCJzbGlkZXNob3ciOiIyMDkyMGFmIn0%3D\" href='https:\/\/chataslapy.cz\/de\/wp-content\/uploads\/2025\/07\/Obrazek-WhatsApp-2024-03-08-v-17.53.45_ff763e2f-1.jpg'><img decoding=\"async\" width=\"150\" height=\"150\" src=\"https:\/\/chataslapy.cz\/de\/wp-content\/uploads\/2025\/07\/Obrazek-WhatsApp-2024-03-08-v-17.53.45_ff763e2f-1-150x150.jpg\" class=\"attachment-thumbnail size-thumbnail\" alt=\"\" srcset=\"https:\/\/chataslapy.cz\/de\/wp-content\/uploads\/2025\/07\/Obrazek-WhatsApp-2024-03-08-v-17.53.45_ff763e2f-1-150x150.jpg 150w, https:\/\/chataslapy.cz\/de\/wp-content\/uploads\/2025\/07\/Obrazek-WhatsApp-2024-03-08-v-17.53.45_ff763e2f-1-570x570.jpg 570w, https:\/\/chataslapy.cz\/de\/wp-content\/uploads\/2025\/07\/Obrazek-WhatsApp-2024-03-08-v-17.53.45_ff763e2f-1-285x285.jpg 285w, https:\/\/chataslapy.cz\/de\/wp-content\/uploads\/2025\/07\/Obrazek-WhatsApp-2024-03-08-v-17.53.45_ff763e2f-1-250x250.jpg 250w, https:\/\/chataslapy.cz\/de\/wp-content\/uploads\/2025\/07\/Obrazek-WhatsApp-2024-03-08-v-17.53.45_ff763e2f-1-360x360.jpg 360w\" sizes=\"(max-width: 150px) 100vw, 150px\" \/><\/a>\n\t\t\t<\/div><\/figure><figure class='gallery-item'>\n\t\t\t<div class='gallery-icon portrait'>\n\t\t\t\t<a data-elementor-open-lightbox=\"yes\" data-elementor-lightbox-slideshow=\"20920af\" data-elementor-lightbox-title=\"Obr\u00e1zek-WhatsApp-2024-03-08-v-17.53.46_43e0c845\" data-e-action-hash=\"#elementor-action%3Aaction%3Dlightbox%26settings%3DeyJpZCI6MjY1MSwidXJsIjoiaHR0cHM6XC9cL2NoYXRhc2xhcHkuY3pcL2RlXC93cC1jb250ZW50XC91cGxvYWRzXC8yMDI1XC8wN1wvT2JyYXplay1XaGF0c0FwcC0yMDI0LTAzLTA4LXYtMTcuNTMuNDZfNDNlMGM4NDUuanBnIiwic2xpZGVzaG93IjoiMjA5MjBhZiJ9\" href='https:\/\/chataslapy.cz\/de\/wp-content\/uploads\/2025\/07\/Obrazek-WhatsApp-2024-03-08-v-17.53.46_43e0c845.jpg'><img decoding=\"async\" width=\"150\" height=\"150\" src=\"https:\/\/chataslapy.cz\/de\/wp-content\/uploads\/2025\/07\/Obrazek-WhatsApp-2024-03-08-v-17.53.46_43e0c845-150x150.jpg\" class=\"attachment-thumbnail size-thumbnail\" alt=\"\" srcset=\"https:\/\/chataslapy.cz\/de\/wp-content\/uploads\/2025\/07\/Obrazek-WhatsApp-2024-03-08-v-17.53.46_43e0c845-150x150.jpg 150w, https:\/\/chataslapy.cz\/de\/wp-content\/uploads\/2025\/07\/Obrazek-WhatsApp-2024-03-08-v-17.53.46_43e0c845-570x570.jpg 570w, https:\/\/chataslapy.cz\/de\/wp-content\/uploads\/2025\/07\/Obrazek-WhatsApp-2024-03-08-v-17.53.46_43e0c845-285x285.jpg 285w, https:\/\/chataslapy.cz\/de\/wp-content\/uploads\/2025\/07\/Obrazek-WhatsApp-2024-03-08-v-17.53.46_43e0c845-250x250.jpg 250w, https:\/\/chataslapy.cz\/de\/wp-content\/uploads\/2025\/07\/Obrazek-WhatsApp-2024-03-08-v-17.53.46_43e0c845-360x360.jpg 360w\" sizes=\"(max-width: 150px) 100vw, 150px\" \/><\/a>\n\t\t\t<\/div><\/figure><figure class='gallery-item'>\n\t\t\t<div class='gallery-icon landscape'>\n\t\t\t\t<a data-elementor-open-lightbox=\"yes\" data-elementor-lightbox-slideshow=\"20920af\" data-elementor-lightbox-title=\"Obr\u00e1zek-WhatsApp-2024-03-08-v-17.53.46_e70bc831\" data-e-action-hash=\"#elementor-action%3Aaction%3Dlightbox%26settings%3DeyJpZCI6MjY1MiwidXJsIjoiaHR0cHM6XC9cL2NoYXRhc2xhcHkuY3pcL2RlXC93cC1jb250ZW50XC91cGxvYWRzXC8yMDI1XC8wN1wvT2JyYXplay1XaGF0c0FwcC0yMDI0LTAzLTA4LXYtMTcuNTMuNDZfZTcwYmM4MzEuanBnIiwic2xpZGVzaG93IjoiMjA5MjBhZiJ9\" href='https:\/\/chataslapy.cz\/de\/wp-content\/uploads\/2025\/07\/Obrazek-WhatsApp-2024-03-08-v-17.53.46_e70bc831.jpg'><img decoding=\"async\" width=\"150\" height=\"150\" src=\"https:\/\/chataslapy.cz\/de\/wp-content\/uploads\/2025\/07\/Obrazek-WhatsApp-2024-03-08-v-17.53.46_e70bc831-150x150.jpg\" class=\"attachment-thumbnail size-thumbnail\" alt=\"\" srcset=\"https:\/\/chataslapy.cz\/de\/wp-content\/uploads\/2025\/07\/Obrazek-WhatsApp-2024-03-08-v-17.53.46_e70bc831-150x150.jpg 150w, https:\/\/chataslapy.cz\/de\/wp-content\/uploads\/2025\/07\/Obrazek-WhatsApp-2024-03-08-v-17.53.46_e70bc831-570x570.jpg 570w, https:\/\/chataslapy.cz\/de\/wp-content\/uploads\/2025\/07\/Obrazek-WhatsApp-2024-03-08-v-17.53.46_e70bc831-285x285.jpg 285w, https:\/\/chataslapy.cz\/de\/wp-content\/uploads\/2025\/07\/Obrazek-WhatsApp-2024-03-08-v-17.53.46_e70bc831-250x250.jpg 250w, https:\/\/chataslapy.cz\/de\/wp-content\/uploads\/2025\/07\/Obrazek-WhatsApp-2024-03-08-v-17.53.46_e70bc831-360x360.jpg 360w\" sizes=\"(max-width: 150px) 100vw, 150px\" \/><\/a>\n\t\t\t<\/div><\/figure>\n\t\t<\/div>\n\t\t<\/div>\n\t\t\t\t\t\t<\/div>\n\t\t\t\t\t<\/div>\n\t\t\t\t<\/div>\n\t\t\t\t<\/div>\n\t\t","protected":false},"excerpt":{"rendered":"<p>Motorboot 2 ZU VERMIETEN: Motorboot mit einem 3,5PS Motor das ohne F\u00fchrerschein gefahren werden darf. Aktivit\u00e4ten: Weitere Angebote in der n\u00e4heren Umgebung: In bearbeitung<\/p>\n","protected":false},"author":1,"featured_media":0,"parent":0,"menu_order":0,"comment_status":"closed","ping_status":"closed","template":"elementor_header_footer","meta":{"footnotes":""},"class_list":["post-2678","page","type-page","status-publish","hentry"],"_links":{"self":[{"href":"https:\/\/chataslapy.cz\/de\/wp-json\/wp\/v2\/pages\/2678","targetHints":{"allow":["GET"]}}],"collection":[{"href":"https:\/\/chataslapy.cz\/de\/wp-json\/wp\/v2\/pages"}],"about":[{"href":"https:\/\/chataslapy.cz\/de\/wp-json\/wp\/v2\/types\/page"}],"author":[{"embeddable":true,"href":"https:\/\/chataslapy.cz\/de\/wp-json\/wp\/v2\/users\/1"}],"replies":[{"embeddable":true,"href":"https:\/\/chataslapy.cz\/de\/wp-json\/wp\/v2\/comments?post=2678"}],"version-history":[{"count":8,"href":"https:\/\/chataslapy.cz\/de\/wp-json\/wp\/v2\/pages\/2678\/revisions"}],"predecessor-version":[{"id":3268,"href":"https:\/\/chataslapy.cz\/de\/wp-json\/wp\/v2\/pages\/2678\/revisions\/3268"}],"wp:attachment":[{"href":"https:\/\/chataslapy.cz\/de\/wp-json\/wp\/v2\/media?parent=2678"}],"curies":[{"name":"wp","href":"https:\/\/api.w.org\/{rel}","templated":true}]}}